{"id":14,"date":"2019-05-15T09:40:20","date_gmt":"2019-05-15T09:40:20","guid":{"rendered":"https:\/\/themes.muffingroup.com\/be\/yoga3\/?page_id=14"},"modified":"2023-10-06T09:10:00","modified_gmt":"2023-10-06T09:10:00","slug":"professors","status":"publish","type":"page","link":"https:\/\/sacbeyoga.com\/ca\/professors\/","title":{"rendered":"Profesores"},"content":{"rendered":"","protected":false},"excerpt":{"rendered":"<p>Profesora de Kundalini Yoga por la Asociaci\u00f3n Espa\u00f1ola de Kundalini Yoga (AEKY) y el Kundalini Research Institute (KRI). Certificada por ROPEC. Formaci\u00f3n de Yoga para ni\u00f1os, Childplay yoga con Gurudass Kaur de EEUU<\/p>","protected":false},"author":1,"featured_media":77,"parent":0,"menu_order":0,"comment_status":"closed","ping_status":"closed","template":"","meta":{"om_disable_all_campaigns":false,"_monsterinsights_skip_tracking":false,"_monsterinsights_sitenote_active":false,"_monsterinsights_sitenote_note":"","_monsterinsights_sitenote_category":0,"footnotes":""},"class_list":["post-14","page","type-page","status-publish","has-post-thumbnail","hentry"],"aioseo_notices":[],"_links":{"self":[{"href":"https:\/\/sacbeyoga.com\/ca\/wp-json\/wp\/v2\/pages\/14","targetHints":{"allow":["GET"]}}],"collection":[{"href":"https:\/\/sacbeyoga.com\/ca\/wp-json\/wp\/v2\/pages"}],"about":[{"href":"https:\/\/sacbeyoga.com\/ca\/wp-json\/wp\/v2\/types\/page"}],"author":[{"embeddable":true,"href":"https:\/\/sacbeyoga.com\/ca\/wp-json\/wp\/v2\/users\/1"}],"replies":[{"embeddable":true,"href":"https:\/\/sacbeyoga.com\/ca\/wp-json\/wp\/v2\/comments?post=14"}],"version-history":[{"count":0,"href":"https:\/\/sacbeyoga.com\/ca\/wp-json\/wp\/v2\/pages\/14\/revisions"}],"wp:featuredmedia":[{"embeddable":true,"href":"https:\/\/sacbeyoga.com\/ca\/wp-json\/wp\/v2\/media\/77"}],"wp:attachment":[{"href":"https:\/\/sacbeyoga.com\/ca\/wp-json\/wp\/v2\/media?parent=14"}],"curies":[{"name":"wp","href":"https:\/\/api.w.org\/{rel}","templated":true}]}}